{"id":195,"date":"2020-01-03T16:56:51","date_gmt":"2020-01-03T15:56:51","guid":{"rendered":"https:\/\/www.sophia-hahn.com\/legal-notice\/"},"modified":"2021-02-07T13:31:11","modified_gmt":"2021-02-07T12:31:11","slug":"legal-notice","status":"publish","type":"page","link":"https:\/\/www.sophia-hahn.com\/en\/legal-notice\/","title":{"rendered":"Legal notice"},"content":{"rendered":"\t\t<div data-elementor-type=\"wp-page\" data-elementor-id=\"195\" class=\"elementor elementor-195 elementor-28\">\n\t\t\t\t\t\t\t\t\t<section class=\"elementor-section elementor-top-section elementor-element elementor-element-63f0c49 elementor-section-boxed elementor-section-height-default elementor-section-height-default\" data-id=\"63f0c49\" data-element_type=\"section\">\n\t\t\t\t\t\t<div class=\"elementor-container elementor-column-gap-default\">\n\t\t\t\t\t<div class=\"elementor-column elementor-col-100 elementor-top-column elementor-element elementor-element-a8021ed\" data-id=\"a8021ed\" data-element_type=\"column\">\n\t\t\t<div class=\"elementor-widget-wrap elementor-element-populated\">\n\t\t\t\t\t\t\t\t<div class=\"elementor-element elementor-element-0c2b406 elementor-widget elementor-widget-heading\" data-id=\"0c2b406\" data-element_type=\"widget\" data-widget_type=\"heading.default\">\n\t\t\t\t<div class=\"elementor-widget-container\">\n\t\t\t<h1 class=\"elementor-heading-title elementor-size-xl\">Legal notice<\/h1>\t\t<\/div>\n\t\t\t\t<\/div>\n\t\t\t\t\t<\/div>\n\t\t<\/div>\n\t\t\t\t\t\t\t<\/div>\n\t\t<\/section>\n\t\t\t\t<section class=\"elementor-section elementor-top-section elementor-element elementor-element-302edb6 elementor-section-boxed elementor-section-height-default elementor-section-height-default\" data-id=\"302edb6\" data-element_type=\"section\">\n\t\t\t\t\t\t<div class=\"elementor-container elementor-column-gap-default\">\n\t\t\t\t\t<div class=\"elementor-column elementor-col-100 elementor-top-column elementor-element elementor-element-3310edc\" data-id=\"3310edc\" data-element_type=\"column\">\n\t\t\t<div class=\"elementor-widget-wrap elementor-element-populated\">\n\t\t\t\t\t\t\t\t<div class=\"elementor-element elementor-element-ed89d60 elementor-widget elementor-widget-html\" data-id=\"ed89d60\" data-element_type=\"widget\" data-widget_type=\"html.default\">\n\t\t\t\t<div class=\"elementor-widget-container\">\n\t\t\t<p>Obligation to provide information persuant to section 5 of the Austrian E-Commerce Act (E-Commerce Gesetz), section 14 of the Austrian Commercial Code (Unternehmensgesetzbuch), section 63 of the Austrian Trade Act (Gewerbeordnung) and the obligation of disclosure (Offenlegungspflicht) persuant to section 25 of the Austrian Media Act (Mediengesetz).<\/p>\r\n    \r\n    <b>Sophia Hahn<\/b>\r\n\t<p style=\"padding-left: 15px; width: 90%;\" align=\"justify\"><!--Barichgasse 21<br>1030 Vienna<br>Austria<br>--><br>\r\n    \r\n    <strong>Email:<\/strong> <a href=\"mailto:office@sophia-hahn.com\">office@sophia-hahn.com<\/a><\/p>\r\n    \r\n\t<h2>Fotos<\/h2>\r\n\r\n\t<p style=\"padding-left: 15px; width: 90%;\" align=\"justify\">Background images \u00a9 Maria Frodl<\/p>\r\n\r\n    <h2>Liability for content<\/h2>\r\n    <p style=\"padding-left: 15px; width: 90%;\" align=\"justify\">We are continuously developing and improving the content of this website and we endeavour to provide correct and up-to-date information. Should you notice problematic or unlawful content, please contact us immediately.<\/p>\r\n\t<br>\r\n\t\r\n    <div class=\"cont\" style=\"display: none\" id=\"datenschutzC\">\r\n      <h1>Datenschutzerkl\u00e4rung<\/h1>\r\n      <h2>Rechte laut Datenschutzgrundverordnung<\/h2>\r\n      <p>Ihnen stehen laut den Bestimmungen der DSGVO und des \u00f6sterreichischen <a href=\"https:\/\/www.ris.bka.gv.at\/GeltendeFassung.wxe?Abfrage=Bundesnormen&Gesetzesnummer=10001597&tid=221099201\" target=\"_blank\" rel=\"noopener nofollow\" class=\"external\">Datenschutzgesetzes (DSG)<\/a> grunds\u00e4tzlich die folgende Rechte zu:<\/p>\r\n      <ul>\r\n        <li>Recht auf Berichtigung (Artikel 16 DSGVO)<\/li>\r\n        <li>Recht auf L\u00f6schung (\u201eRecht auf Vergessenwerden\u201c) (Artikel 17 DSGVO)<\/li>\r\n        <li>Recht auf Einschr\u00e4nkung der Verarbeitung (Artikel 18 DSGVO)<\/li>\r\n        <li>Recht auf Benachrichtigung \u2013 Mitteilungspflicht im Zusammenhang mit der Berichtigung oder L\u00f6schung personenbezogener Daten oder der Einschr\u00e4nkung der Verarbeitung (Artikel 19 DSGVO)<\/li>\r\n        <li>Recht auf Daten\u00fcbertragbarkeit (Artikel 20 DSGVO)<\/li>\r\n        <li>Widerspruchsrecht (Artikel 21 DSGVO)<\/li>\r\n        <li>Recht, nicht einer ausschlie\u00dflich auf einer automatisierten Verarbeitung \u2014 einschlie\u00dflich Profiling \u2014 beruhenden Entscheidung unterworfen zu werden (Artikel 22 DSGVO)<\/li>\r\n      <\/ul>\r\n      <p>Wenn Sie glauben, dass die Verarbeitung Ihrer Daten gegen das Datenschutzrecht verst\u00f6\u00dft oder Ihre datenschutzrechtlichen Anspr\u00fcche sonst in einer Weise verletzt worden sind, k\u00f6nnen Sie sich bei der Aufsichtsbeh\u00f6rde beschweren, welche in \u00d6sterreich die Datenschutzbeh\u00f6rde ist, deren Webseite Sie unter <a href=\"https:\/\/www.dsb.gv.at\/?tid=221099201\" class=\"external\" rel=\"nofollow\">https:\/\/www.dsb.gv.at\/<\/a> finden.<\/p>\r\n      <h2>Datenschutz<\/h2>\r\n      <p>Wir haben diese Datenschutzerkl\u00e4rung (Fassung 03.08.2019-221099201) verfasst, um Ihnen gem\u00e4\u00df der Vorgaben der Datenschutz-Grundverordnung (EU) 2016\/679 und dem <a href=\"https:\/\/www.ris.bka.gv.at\/GeltendeFassung.wxe?Abfrage=Bundesnormen&Gesetzesnummer=10001597&tid=221099201\" target=\"_blank\" rel=\"noopener nofollow\" class=\"external\">Datenschutzgesetz (DSG)<\/a> zu erkl\u00e4ren, welche Informationen wir sammeln, wie wir Daten verwenden und welche Entscheidungsm\u00f6glichkeiten Sie als Besucher dieser Webseite haben.<\/p>\r\n      <p>Leider liegt es in der Natur der Sache, dass diese Erkl\u00e4rungen sehr technisch klingen. Wir haben uns bei der Erstellung jedoch bem\u00fcht die wichtigsten Dinge so einfach und klar wie m\u00f6glich zu beschreiben.<\/p>\r\n    <\/div>\t\t<\/div>\n\t\t\t\t<\/div>\n\t\t\t\t\t<\/div>\n\t\t<\/div>\n\t\t\t\t\t\t\t<\/div>\n\t\t<\/section>\n\t\t\t\t\t\t\t<\/div>\n\t\t","protected":false},"excerpt":{"rendered":"<p>Legal notice Obligation to provide information persuant to section 5 of the Austrian E-Commerce Act (E-Commerce Gesetz), section 14 of the Austrian Commercial Code (Unternehmensgesetzbuch), section 63 of the Austrian Trade Act (Gewerbeordnung) and the obligation of disclosure (Offenlegungspflicht) persuant to section 25 of the Austrian Media Act (Mediengesetz). Sophia Hahn Email: office@sophia-hahn.com Fotos Background [&hellip;]<\/p>\n","protected":false},"author":1,"featured_media":0,"parent":0,"menu_order":0,"comment_status":"closed","ping_status":"closed","template":"","meta":{"footnotes":""},"yoast_head":"<!-- This site is optimized with the Yoast SEO plugin v20.3 - https:\/\/yoast.com\/wordpress\/plugins\/seo\/ -->\n<title>Legal notice | Sophia Hahn<\/title>\n<meta name=\"robots\" content=\"index, follow, max-snippet:-1, max-image-preview:large, max-video-preview:-1\" \/>\n<link rel=\"canonical\" href=\"https:\/\/www.sophia-hahn.com\/en\/legal-notice\/\" \/>\n<meta property=\"og:locale\" content=\"en_US\" \/>\n<meta property=\"og:type\" content=\"article\" \/>\n<meta property=\"og:title\" content=\"Legal notice | Sophia Hahn\" \/>\n<meta property=\"og:description\" content=\"Legal notice Obligation to provide information persuant to section 5 of the Austrian E-Commerce Act (E-Commerce Gesetz), section 14 of the Austrian Commercial Code (Unternehmensgesetzbuch), section 63 of the Austrian Trade Act (Gewerbeordnung) and the obligation of disclosure (Offenlegungspflicht) persuant to section 25 of the Austrian Media Act (Mediengesetz). Sophia Hahn Email: office@sophia-hahn.com Fotos Background [&hellip;]\" \/>\n<meta property=\"og:url\" content=\"https:\/\/www.sophia-hahn.com\/en\/legal-notice\/\" \/>\n<meta property=\"og:site_name\" content=\"Sophia Hahn\" \/>\n<meta property=\"article:modified_time\" content=\"2021-02-07T12:31:11+00:00\" \/>\n<meta name=\"twitter:card\" content=\"summary_large_image\" \/>\n<meta name=\"twitter:label1\" content=\"Est. reading time\" \/>\n\t<meta name=\"twitter:data1\" content=\"2 minutes\" \/>\n<script type=\"application\/ld+json\" class=\"yoast-schema-graph\">{\"@context\":\"https:\/\/schema.org\",\"@graph\":[{\"@type\":\"WebPage\",\"@id\":\"https:\/\/www.sophia-hahn.com\/en\/legal-notice\/\",\"url\":\"https:\/\/www.sophia-hahn.com\/en\/legal-notice\/\",\"name\":\"Legal notice | Sophia Hahn\",\"isPartOf\":{\"@id\":\"https:\/\/www.sophia-hahn.com\/en\/#website\"},\"datePublished\":\"2020-01-03T15:56:51+00:00\",\"dateModified\":\"2021-02-07T12:31:11+00:00\",\"breadcrumb\":{\"@id\":\"https:\/\/www.sophia-hahn.com\/en\/legal-notice\/#breadcrumb\"},\"inLanguage\":\"en-US\",\"potentialAction\":[{\"@type\":\"ReadAction\",\"target\":[\"https:\/\/www.sophia-hahn.com\/en\/legal-notice\/\"]}]},{\"@type\":\"BreadcrumbList\",\"@id\":\"https:\/\/www.sophia-hahn.com\/en\/legal-notice\/#breadcrumb\",\"itemListElement\":[{\"@type\":\"ListItem\",\"position\":1,\"name\":\"Startseite\",\"item\":\"https:\/\/www.sophia-hahn.com\/en\/\"},{\"@type\":\"ListItem\",\"position\":2,\"name\":\"Legal notice\"}]},{\"@type\":\"WebSite\",\"@id\":\"https:\/\/www.sophia-hahn.com\/en\/#website\",\"url\":\"https:\/\/www.sophia-hahn.com\/en\/\",\"name\":\"Sophia Hahn\",\"description\":\"Sophia Hahn Official Website\",\"publisher\":{\"@id\":\"https:\/\/www.sophia-hahn.com\/en\/#\/schema\/person\/0590250be806abf825621d50f0c4d5aa\"},\"potentialAction\":[{\"@type\":\"SearchAction\",\"target\":{\"@type\":\"EntryPoint\",\"urlTemplate\":\"https:\/\/www.sophia-hahn.com\/en\/?s={search_term_string}\"},\"query-input\":\"required name=search_term_string\"}],\"inLanguage\":\"en-US\"},{\"@type\":[\"Person\",\"Organization\"],\"@id\":\"https:\/\/www.sophia-hahn.com\/en\/#\/schema\/person\/0590250be806abf825621d50f0c4d5aa\",\"name\":\"Sophia Hahn\",\"image\":{\"@type\":\"ImageObject\",\"inLanguage\":\"en-US\",\"@id\":\"https:\/\/www.sophia-hahn.com\/en\/#\/schema\/person\/image\/\",\"url\":\"https:\/\/secure.gravatar.com\/avatar\/fd2278dda025f99acd4ba3da3c8e38c7?s=96&d=mm&r=g\",\"contentUrl\":\"https:\/\/secure.gravatar.com\/avatar\/fd2278dda025f99acd4ba3da3c8e38c7?s=96&d=mm&r=g\",\"caption\":\"Sophia Hahn\"},\"logo\":{\"@id\":\"https:\/\/www.sophia-hahn.com\/en\/#\/schema\/person\/image\/\"},\"sameAs\":[\"https:\/\/www.sophia-hahn.com\",\"https:\/\/www.instagram.com\/sophiahahn_violinist\/\"]}]}<\/script>\n<!-- \/ Yoast SEO plugin. -->","yoast_head_json":{"title":"Legal notice | Sophia Hahn","robots":{"index":"index","follow":"follow","max-snippet":"max-snippet:-1","max-image-preview":"max-image-preview:large","max-video-preview":"max-video-preview:-1"},"canonical":"https:\/\/www.sophia-hahn.com\/en\/legal-notice\/","og_locale":"en_US","og_type":"article","og_title":"Legal notice | Sophia Hahn","og_description":"Legal notice Obligation to provide information persuant to section 5 of the Austrian E-Commerce Act (E-Commerce Gesetz), section 14 of the Austrian Commercial Code (Unternehmensgesetzbuch), section 63 of the Austrian Trade Act (Gewerbeordnung) and the obligation of disclosure (Offenlegungspflicht) persuant to section 25 of the Austrian Media Act (Mediengesetz). Sophia Hahn Email: office@sophia-hahn.com Fotos Background [&hellip;]","og_url":"https:\/\/www.sophia-hahn.com\/en\/legal-notice\/","og_site_name":"Sophia Hahn","article_modified_time":"2021-02-07T12:31:11+00:00","twitter_card":"summary_large_image","twitter_misc":{"Est. reading time":"2 minutes"},"schema":{"@context":"https:\/\/schema.org","@graph":[{"@type":"WebPage","@id":"https:\/\/www.sophia-hahn.com\/en\/legal-notice\/","url":"https:\/\/www.sophia-hahn.com\/en\/legal-notice\/","name":"Legal notice | Sophia Hahn","isPartOf":{"@id":"https:\/\/www.sophia-hahn.com\/en\/#website"},"datePublished":"2020-01-03T15:56:51+00:00","dateModified":"2021-02-07T12:31:11+00:00","breadcrumb":{"@id":"https:\/\/www.sophia-hahn.com\/en\/legal-notice\/#breadcrumb"},"inLanguage":"en-US","potentialAction":[{"@type":"ReadAction","target":["https:\/\/www.sophia-hahn.com\/en\/legal-notice\/"]}]},{"@type":"BreadcrumbList","@id":"https:\/\/www.sophia-hahn.com\/en\/legal-notice\/#breadcrumb","itemListElement":[{"@type":"ListItem","position":1,"name":"Startseite","item":"https:\/\/www.sophia-hahn.com\/en\/"},{"@type":"ListItem","position":2,"name":"Legal notice"}]},{"@type":"WebSite","@id":"https:\/\/www.sophia-hahn.com\/en\/#website","url":"https:\/\/www.sophia-hahn.com\/en\/","name":"Sophia Hahn","description":"Sophia Hahn Official Website","publisher":{"@id":"https:\/\/www.sophia-hahn.com\/en\/#\/schema\/person\/0590250be806abf825621d50f0c4d5aa"},"potentialAction":[{"@type":"SearchAction","target":{"@type":"EntryPoint","urlTemplate":"https:\/\/www.sophia-hahn.com\/en\/?s={search_term_string}"},"query-input":"required name=search_term_string"}],"inLanguage":"en-US"},{"@type":["Person","Organization"],"@id":"https:\/\/www.sophia-hahn.com\/en\/#\/schema\/person\/0590250be806abf825621d50f0c4d5aa","name":"Sophia Hahn","image":{"@type":"ImageObject","inLanguage":"en-US","@id":"https:\/\/www.sophia-hahn.com\/en\/#\/schema\/person\/image\/","url":"https:\/\/secure.gravatar.com\/avatar\/fd2278dda025f99acd4ba3da3c8e38c7?s=96&d=mm&r=g","contentUrl":"https:\/\/secure.gravatar.com\/avatar\/fd2278dda025f99acd4ba3da3c8e38c7?s=96&d=mm&r=g","caption":"Sophia Hahn"},"logo":{"@id":"https:\/\/www.sophia-hahn.com\/en\/#\/schema\/person\/image\/"},"sameAs":["https:\/\/www.sophia-hahn.com","https:\/\/www.instagram.com\/sophiahahn_violinist\/"]}]}},"_links":{"self":[{"href":"https:\/\/www.sophia-hahn.com\/en\/wp-json\/wp\/v2\/pages\/195"}],"collection":[{"href":"https:\/\/www.sophia-hahn.com\/en\/wp-json\/wp\/v2\/pages"}],"about":[{"href":"https:\/\/www.sophia-hahn.com\/en\/wp-json\/wp\/v2\/types\/page"}],"author":[{"embeddable":true,"href":"https:\/\/www.sophia-hahn.com\/en\/wp-json\/wp\/v2\/users\/1"}],"replies":[{"embeddable":true,"href":"https:\/\/www.sophia-hahn.com\/en\/wp-json\/wp\/v2\/comments?post=195"}],"version-history":[{"count":3,"href":"https:\/\/www.sophia-hahn.com\/en\/wp-json\/wp\/v2\/pages\/195\/revisions"}],"predecessor-version":[{"id":351,"href":"https:\/\/www.sophia-hahn.com\/en\/wp-json\/wp\/v2\/pages\/195\/revisions\/351"}],"wp:attachment":[{"href":"https:\/\/www.sophia-hahn.com\/en\/wp-json\/wp\/v2\/media?parent=195"}],"curies":[{"name":"wp","href":"https:\/\/api.w.org\/{rel}","templated":true}]}}